{"id":167,"date":"2021-12-10T20:19:51","date_gmt":"2021-12-10T19:19:51","guid":{"rendered":"https:\/\/psychologue-stephaniegoujon.com\/?page_id=167"},"modified":"2022-11-14T17:34:39","modified_gmt":"2022-11-14T16:34:39","slug":"quisuisje","status":"publish","type":"page","link":"https:\/\/psychologue-stephaniegoujon.com\/index.php\/quisuisje\/","title":{"rendered":"Trouver un psychologue sur Cestas"},"content":{"rendered":"\n<p>Vous habitez dans la <strong>ville de Cestas<\/strong> ou dans les communes aux alentours ( Bordeaux, Gradignan, L\u00e9ognan, Pessac, Talence, Can\u00e9jan, Villenave d&rsquo;Ornon, B\u00e8gles, Le Barp, etc) et vous <strong>cherchez un psychologue<\/strong> ? Je suis peut-\u00eatre la<strong> th\u00e9rapeute<\/strong> qu&rsquo;il vous faut. <\/p>\n\n\n\n<h1 class=\"wp-block-heading\">Psychologue <\/h1>\n\n\n\n<div class=\"wp-block-columns is-layout-flex wp-container-core-columns-is-layout-9d6595d7 wp-block-columns-is-layout-flex\">\n<div class=\"wp-block-column is-layout-flow wp-block-column-is-layout-flow\">\n<p>Mon nom est<strong> St\u00e9phanie Goujon, <\/strong>je suis<strong> psychologue<\/strong> \u00e0 Cestas.<br>Je suis dipl\u00f4m\u00e9e de l&rsquo;Universit\u00e9 de Bordeaux II (DESS Psychologie Sociale) depuis 1999.<br><\/p>\n\n\n\n<p>Psychologue de la fonction publique depuis une vingtaine d&rsquo;ann\u00e9es, j&rsquo;ai travaill\u00e9 dans l&rsquo;accompagnement au changement pour des publics tr\u00e8s vari\u00e9s. Cette exp\u00e9rience m&rsquo;a permis d&rsquo;avoir un regard \u00e9clair\u00e9 et global sur les situations individuelles, et de <strong>prendre en compte chaque personne dans toutes ses dimensions<\/strong> (\u00e9motionnelle, c\u00e9r\u00e9brale, sociale, familiale, environnementale&#8230;).<\/p>\n\n\n\n<p>Je me suis sp\u00e9cialis\u00e9e sur des approches th\u00e9rapeutiques permettant de traiter <strong>le stress, les angoisses, les troubles du sommeil, l&rsquo;anxi\u00e9t\u00e9, le manque de confiance en soi, la gestion des \u00e9motions<\/strong> &#8230; Par ailleurs je m&rsquo;adapte \u00e0 chacun selon votre demande et votre besoin. Je m\u2019appuie sur <strong>vos sensations corporelles, vos valeurs et ressources pour vous accompagner dans l\u2019atteinte de vos objectifs et en vue du changement<\/strong>.<\/p>\n<\/div>\n\n\n\n<div class=\"wp-block-column is-layout-flow wp-block-column-is-layout-flow\">\n<figure class=\"wp-block-image size-large\"><img loading=\"lazy\" decoding=\"async\" width=\"1536\" height=\"1024\" src=\"https:\/\/psychologue-stephaniegoujon.com\/wp-content\/uploads\/2022\/01\/stephanie_goujon-1536x1024.jpg\" alt=\"St\u00e9phanie Goujon\" class=\"wp-image-544\"\/><\/figure>\n<\/div>\n<\/div>\n\n\n\n<h2 class=\"wp-block-heading\">Les approches th\u00e9rapeutiques :<\/h2>\n\n\n\n<h3 class=\"wp-block-heading\"><a href=\"https:\/\/therapiemosaic.com\/a-propos-therapie-mosaic-dr-khalfa\/\" target=\"_blank\" rel=\"noreferrer noopener\">La th\u00e9rapie MOSAIC\u00ae, une alternative douce \u00e0 l&rsquo;EMDR<\/a> <\/h3>\n\n\n\n<p>La th\u00e9rapie MOSAIC\u00ae (Mouvements Oculaires et Stimulations Altern\u00e9es pour l\u2019Int\u00e9gration C\u00e9r\u00e9brale) est une<strong> th\u00e9rapie psycho-neurobiologique<\/strong> qui s\u2019appuie sur le Mod\u00e8le Neuronal de Synchronisation stochastique.<\/p>\n\n\n\n<p>Les recherches en neurosciences issues des travaux sur l\u2019EMDR ont d\u00e9montr\u00e9 que les Stimulations Bilat\u00e9rales Altern\u00e9es permettent une transformation des r\u00e9seaux neuronaux associ\u00e9s \u00e0 la m\u00e9moire traumatique. <strong>MOSAIC\u00ae permet cette transformation sans douleur en vivant pleinement l\u2019exp\u00e9rience dont la personne a besoin et qui est d\u00e9j\u00e0 disponible en elle, ses ressources, ses solutions. <\/strong><\/p>\n\n\n\n<p>Les indications de MOSAIC\u00ae sont les psychotraumatismes, le trouble des conduites alimentaires, les troubles d\u00e9pressifs, les troubles anxieux, les TOC, les addictions \u2026<\/p>\n\n\n\n<h3 class=\"wp-block-heading\"><a href=\"https:\/\/act-institut.com\/\" target=\"_blank\" rel=\"noreferrer noopener\">La Th\u00e9rapie d\u2019acceptation et d\u2019engagement (ACT)<\/a><\/h3>\n\n\n\n<p>La Th\u00e9rapie d\u2019Acceptation et d\u2019Engagement est une th\u00e9rapie comportementale, existentielle et humaniste (Harris, 2006). Elle fait partie des th\u00e9rapies de la <strong>nouvelle vague des Th\u00e9rapies Comportementales et Cognitive<\/strong>s.<\/p>\n\n\n\n<p>Elle est bas\u00e9e sur des <strong>processus de l\u2019acceptation, de la distanciation cognitive et de l\u2019action pour aider la personne \u00e0 lutter moins avec sa souffrance et \u00e0 avancer plus dans sa vi<\/strong>e. En cultivant l\u2019action en phase directe avec les valeurs de la personne, elle redonne son sens \u00e0 la vie.<\/p>\n\n\n\n<p>L\u2019ACT est une th\u00e9rapie engag\u00e9e dans une d\u00e9marche de validation scientifique, tant de son efficacit\u00e9 et de celle de ses diff\u00e9rents composants, que de son efficience. La recherche sugg\u00e8re que c\u2019est une th\u00e9rapie qui fonctionne et dont les composants individuels sont actifs et contribuent \u00e0 ses effets.<\/p>\n\n\n\n<h3 class=\"wp-block-heading\"><a href=\"https:\/\/youtu.be\/p289Ud3k5M8\">La Psychologie Positive (vid\u00e9o)<\/a><\/h3>\n\n\n\n<p><strong>La psychologie positive<\/strong>&nbsp;est une&nbsp;<strong>science<\/strong>&nbsp; de l\u2019esprit et du comportement qui s\u2019int\u00e9resse aux ressources de l\u2019\u00eatre humain, et aux conditions et processus d\u2019\u00e9panouissement et de coop\u00e9ration dans les relations, les groupes et les institutions. Ces facteurs sont particuli\u00e8rement impliqu\u00e9s dans la capacit\u00e9 \u00e0 cultiver un bien-\u00eatre durable.<\/p>\n\n\n\n<p>Enfin, \u00e9tudier les caract\u00e9ristiques positives de l\u2019\u00eatre humain ne signifie pas \u00ab positiver tout le temps \u00bb et encore moins nier les probl\u00e8mes. La souffrance et les \u00e9motions d\u00e9sagr\u00e9ables font partie de la vie, cette discipline nous apprend ainsi \u00e0 <strong>nous ouvrir \u00e0 nos \u00e9motions, \u00e0 les vivre et \u00e0 les r\u00e9guler<\/strong> sans d\u00e9fense inutile. Elle nous propose une repr\u00e9sentation du <strong>bien-\u00eatre <\/strong>accessible, r\u00e9aliste et compatible avec une vision lucide de la r\u00e9alit\u00e9<\/p>\n\n\n\n<h3 class=\"wp-block-heading\">Les autres sp\u00e9cialit\u00e9s&nbsp;:<\/h3>\n\n\n\n<ul class=\"wp-block-list\">\n<li>La pr\u00e9vention des risques psychosociaux<\/li>\n\n\n\n<li>La Communication Non Violente<\/li>\n\n\n\n<li>Les neurosciences au service du management<\/li>\n<\/ul>\n\n\n\n<p>Psychologue enregistr\u00e9e aupr\u00e8s de l\u2019<a href=\"https:\/\/www.nouvelle-aquitaine.ars.sante.fr\/\">Agence R\u00e9gionale de Sant\u00e9<\/a>&nbsp;sous le num\u00e9ro<strong>&nbsp;ADELI : 339331464<\/strong><\/p>\n\n\n\n<p><\/p>\n","protected":false},"excerpt":{"rendered":"<p>Vous habitez dans la ville de Cestas ou dans les communes aux alentours ( Bordeaux, Gradignan, L\u00e9ognan, Pessac, Talence, Can\u00e9jan, Villenave d&rsquo;Ornon, B\u00e8gles, Le Barp, etc) et vous cherchez un &hellip; <\/p>\n","protected":false},"author":1,"featured_media":740,"parent":0,"menu_order":0,"comment_status":"closed","ping_status":"closed","template":"","meta":{"footnotes":""},"class_list":["post-167","page","type-page","status-publish","has-post-thumbnail","hentry"],"yoast_head":"<!-- This site is optimized with the Yoast SEO plugin v27.2 - https:\/\/yoast.com\/product\/yoast-seo-wordpress\/ -->\n<title>Trouver un psychologue sur Cestas - St\u00e9phanie Goujon - Psychologue - Cestas<\/title>\n<meta name=\"robots\" content=\"index, follow, max-snippet:-1, max-image-preview:large, max-video-preview:-1\" \/>\n<link rel=\"canonical\" href=\"https:\/\/psychologue-stephaniegoujon.com\/index.php\/quisuisje\/\" \/>\n<meta property=\"og:locale\" content=\"fr_FR\" \/>\n<meta property=\"og:type\" content=\"article\" \/>\n<meta property=\"og:title\" content=\"Trouver un psychologue sur Cestas - St\u00e9phanie Goujon - Psychologue - Cestas\" \/>\n<meta property=\"og:description\" content=\"Vous habitez dans la ville de Cestas ou dans les communes aux alentours ( Bordeaux, Gradignan, L\u00e9ognan, Pessac, Talence, Can\u00e9jan, Villenave d&rsquo;Ornon, B\u00e8gles, Le Barp, etc) et vous cherchez un &hellip;\" \/>\n<meta property=\"og:url\" content=\"https:\/\/psychologue-stephaniegoujon.com\/index.php\/quisuisje\/\" \/>\n<meta property=\"og:site_name\" content=\"St\u00e9phanie Goujon - Psychologue - Cestas\" \/>\n<meta property=\"article:modified_time\" content=\"2022-11-14T16:34:39+00:00\" \/>\n<meta property=\"og:image\" content=\"https:\/\/psychologue-stephaniegoujon.com\/wp-content\/uploads\/2022\/11\/goujon_psychologue_cestas_banniere1.jpg\" \/>\n\t<meta property=\"og:image:width\" content=\"2000\" \/>\n\t<meta property=\"og:image:height\" content=\"486\" \/>\n\t<meta property=\"og:image:type\" content=\"image\/jpeg\" \/>\n<meta name=\"twitter:card\" content=\"summary_large_image\" \/>\n<meta name=\"twitter:label1\" content=\"Dur\u00e9e de lecture estim\u00e9e\" \/>\n\t<meta name=\"twitter:data1\" content=\"4 minutes\" \/>\n<script type=\"application\/ld+json\" class=\"yoast-schema-graph\">{\"@context\":\"https:\/\/schema.org\",\"@graph\":[{\"@type\":\"WebPage\",\"@id\":\"https:\/\/psychologue-stephaniegoujon.com\/index.php\/quisuisje\/\",\"url\":\"https:\/\/psychologue-stephaniegoujon.com\/index.php\/quisuisje\/\",\"name\":\"Trouver un psychologue sur Cestas - St\u00e9phanie Goujon - Psychologue - Cestas\",\"isPartOf\":{\"@id\":\"https:\/\/psychologue-stephaniegoujon.com\/#website\"},\"primaryImageOfPage\":{\"@id\":\"https:\/\/psychologue-stephaniegoujon.com\/index.php\/quisuisje\/#primaryimage\"},\"image\":{\"@id\":\"https:\/\/psychologue-stephaniegoujon.com\/index.php\/quisuisje\/#primaryimage\"},\"thumbnailUrl\":\"https:\/\/psychologue-stephaniegoujon.com\/wp-content\/uploads\/2022\/11\/goujon_psychologue_cestas_banniere1.jpg\",\"datePublished\":\"2021-12-10T19:19:51+00:00\",\"dateModified\":\"2022-11-14T16:34:39+00:00\",\"breadcrumb\":{\"@id\":\"https:\/\/psychologue-stephaniegoujon.com\/index.php\/quisuisje\/#breadcrumb\"},\"inLanguage\":\"fr-FR\",\"potentialAction\":[{\"@type\":\"ReadAction\",\"target\":[\"https:\/\/psychologue-stephaniegoujon.com\/index.php\/quisuisje\/\"]}]},{\"@type\":\"ImageObject\",\"inLanguage\":\"fr-FR\",\"@id\":\"https:\/\/psychologue-stephaniegoujon.com\/index.php\/quisuisje\/#primaryimage\",\"url\":\"https:\/\/psychologue-stephaniegoujon.com\/wp-content\/uploads\/2022\/11\/goujon_psychologue_cestas_banniere1.jpg\",\"contentUrl\":\"https:\/\/psychologue-stephaniegoujon.com\/wp-content\/uploads\/2022\/11\/goujon_psychologue_cestas_banniere1.jpg\",\"width\":2000,\"height\":486,\"caption\":\"Consulter St\u00e9phanie Goujon psychologue Cestas\"},{\"@type\":\"BreadcrumbList\",\"@id\":\"https:\/\/psychologue-stephaniegoujon.com\/index.php\/quisuisje\/#breadcrumb\",\"itemListElement\":[{\"@type\":\"ListItem\",\"position\":1,\"name\":\"Accueil\",\"item\":\"https:\/\/psychologue-stephaniegoujon.com\/\"},{\"@type\":\"ListItem\",\"position\":2,\"name\":\"Trouver un psychologue sur Cestas\"}]},{\"@type\":\"WebSite\",\"@id\":\"https:\/\/psychologue-stephaniegoujon.com\/#website\",\"url\":\"https:\/\/psychologue-stephaniegoujon.com\/\",\"name\":\"St\u00e9phanie Goujon - Psychologue - Cestas\",\"description\":\"\",\"publisher\":{\"@id\":\"https:\/\/psychologue-stephaniegoujon.com\/#organization\"},\"potentialAction\":[{\"@type\":\"SearchAction\",\"target\":{\"@type\":\"EntryPoint\",\"urlTemplate\":\"https:\/\/psychologue-stephaniegoujon.com\/?s={search_term_string}\"},\"query-input\":{\"@type\":\"PropertyValueSpecification\",\"valueRequired\":true,\"valueName\":\"search_term_string\"}}],\"inLanguage\":\"fr-FR\"},{\"@type\":\"Organization\",\"@id\":\"https:\/\/psychologue-stephaniegoujon.com\/#organization\",\"name\":\"St\u00e9phanie GOUJON\",\"url\":\"https:\/\/psychologue-stephaniegoujon.com\/\",\"logo\":{\"@type\":\"ImageObject\",\"inLanguage\":\"fr-FR\",\"@id\":\"https:\/\/psychologue-stephaniegoujon.com\/#\/schema\/logo\/image\/\",\"url\":\"https:\/\/psychologue-stephaniegoujon.com\/wp-content\/uploads\/2021\/12\/cropped-android-chrome-512x512-1.png\",\"contentUrl\":\"https:\/\/psychologue-stephaniegoujon.com\/wp-content\/uploads\/2021\/12\/cropped-android-chrome-512x512-1.png\",\"width\":512,\"height\":512,\"caption\":\"St\u00e9phanie GOUJON\"},\"image\":{\"@id\":\"https:\/\/psychologue-stephaniegoujon.com\/#\/schema\/logo\/image\/\"}}]}<\/script>\n<!-- \/ Yoast SEO plugin. -->","yoast_head_json":{"title":"Trouver un psychologue sur Cestas - St\u00e9phanie Goujon - Psychologue - Cestas","robots":{"index":"index","follow":"follow","max-snippet":"max-snippet:-1","max-image-preview":"max-image-preview:large","max-video-preview":"max-video-preview:-1"},"canonical":"https:\/\/psychologue-stephaniegoujon.com\/index.php\/quisuisje\/","og_locale":"fr_FR","og_type":"article","og_title":"Trouver un psychologue sur Cestas - St\u00e9phanie Goujon - Psychologue - Cestas","og_description":"Vous habitez dans la ville de Cestas ou dans les communes aux alentours ( Bordeaux, Gradignan, L\u00e9ognan, Pessac, Talence, Can\u00e9jan, Villenave d&rsquo;Ornon, B\u00e8gles, Le Barp, etc) et vous cherchez un &hellip;","og_url":"https:\/\/psychologue-stephaniegoujon.com\/index.php\/quisuisje\/","og_site_name":"St\u00e9phanie Goujon - Psychologue - Cestas","article_modified_time":"2022-11-14T16:34:39+00:00","og_image":[{"width":2000,"height":486,"url":"https:\/\/psychologue-stephaniegoujon.com\/wp-content\/uploads\/2022\/11\/goujon_psychologue_cestas_banniere1.jpg","type":"image\/jpeg"}],"twitter_card":"summary_large_image","twitter_misc":{"Dur\u00e9e de lecture estim\u00e9e":"4 minutes"},"schema":{"@context":"https:\/\/schema.org","@graph":[{"@type":"WebPage","@id":"https:\/\/psychologue-stephaniegoujon.com\/index.php\/quisuisje\/","url":"https:\/\/psychologue-stephaniegoujon.com\/index.php\/quisuisje\/","name":"Trouver un psychologue sur Cestas - St\u00e9phanie Goujon - Psychologue - Cestas","isPartOf":{"@id":"https:\/\/psychologue-stephaniegoujon.com\/#website"},"primaryImageOfPage":{"@id":"https:\/\/psychologue-stephaniegoujon.com\/index.php\/quisuisje\/#primaryimage"},"image":{"@id":"https:\/\/psychologue-stephaniegoujon.com\/index.php\/quisuisje\/#primaryimage"},"thumbnailUrl":"https:\/\/psychologue-stephaniegoujon.com\/wp-content\/uploads\/2022\/11\/goujon_psychologue_cestas_banniere1.jpg","datePublished":"2021-12-10T19:19:51+00:00","dateModified":"2022-11-14T16:34:39+00:00","breadcrumb":{"@id":"https:\/\/psychologue-stephaniegoujon.com\/index.php\/quisuisje\/#breadcrumb"},"inLanguage":"fr-FR","potentialAction":[{"@type":"ReadAction","target":["https:\/\/psychologue-stephaniegoujon.com\/index.php\/quisuisje\/"]}]},{"@type":"ImageObject","inLanguage":"fr-FR","@id":"https:\/\/psychologue-stephaniegoujon.com\/index.php\/quisuisje\/#primaryimage","url":"https:\/\/psychologue-stephaniegoujon.com\/wp-content\/uploads\/2022\/11\/goujon_psychologue_cestas_banniere1.jpg","contentUrl":"https:\/\/psychologue-stephaniegoujon.com\/wp-content\/uploads\/2022\/11\/goujon_psychologue_cestas_banniere1.jpg","width":2000,"height":486,"caption":"Consulter St\u00e9phanie Goujon psychologue Cestas"},{"@type":"BreadcrumbList","@id":"https:\/\/psychologue-stephaniegoujon.com\/index.php\/quisuisje\/#breadcrumb","itemListElement":[{"@type":"ListItem","position":1,"name":"Accueil","item":"https:\/\/psychologue-stephaniegoujon.com\/"},{"@type":"ListItem","position":2,"name":"Trouver un psychologue sur Cestas"}]},{"@type":"WebSite","@id":"https:\/\/psychologue-stephaniegoujon.com\/#website","url":"https:\/\/psychologue-stephaniegoujon.com\/","name":"St\u00e9phanie Goujon - Psychologue - Cestas","description":"","publisher":{"@id":"https:\/\/psychologue-stephaniegoujon.com\/#organization"},"potentialAction":[{"@type":"SearchAction","target":{"@type":"EntryPoint","urlTemplate":"https:\/\/psychologue-stephaniegoujon.com\/?s={search_term_string}"},"query-input":{"@type":"PropertyValueSpecification","valueRequired":true,"valueName":"search_term_string"}}],"inLanguage":"fr-FR"},{"@type":"Organization","@id":"https:\/\/psychologue-stephaniegoujon.com\/#organization","name":"St\u00e9phanie GOUJON","url":"https:\/\/psychologue-stephaniegoujon.com\/","logo":{"@type":"ImageObject","inLanguage":"fr-FR","@id":"https:\/\/psychologue-stephaniegoujon.com\/#\/schema\/logo\/image\/","url":"https:\/\/psychologue-stephaniegoujon.com\/wp-content\/uploads\/2021\/12\/cropped-android-chrome-512x512-1.png","contentUrl":"https:\/\/psychologue-stephaniegoujon.com\/wp-content\/uploads\/2021\/12\/cropped-android-chrome-512x512-1.png","width":512,"height":512,"caption":"St\u00e9phanie GOUJON"},"image":{"@id":"https:\/\/psychologue-stephaniegoujon.com\/#\/schema\/logo\/image\/"}}]}},"_links":{"self":[{"href":"https:\/\/psychologue-stephaniegoujon.com\/index.php\/wp-json\/wp\/v2\/pages\/167","targetHints":{"allow":["GET"]}}],"collection":[{"href":"https:\/\/psychologue-stephaniegoujon.com\/index.php\/wp-json\/wp\/v2\/pages"}],"about":[{"href":"https:\/\/psychologue-stephaniegoujon.com\/index.php\/wp-json\/wp\/v2\/types\/page"}],"author":[{"embeddable":true,"href":"https:\/\/psychologue-stephaniegoujon.com\/index.php\/wp-json\/wp\/v2\/users\/1"}],"replies":[{"embeddable":true,"href":"https:\/\/psychologue-stephaniegoujon.com\/index.php\/wp-json\/wp\/v2\/comments?post=167"}],"version-history":[{"count":59,"href":"https:\/\/psychologue-stephaniegoujon.com\/index.php\/wp-json\/wp\/v2\/pages\/167\/revisions"}],"predecessor-version":[{"id":777,"href":"https:\/\/psychologue-stephaniegoujon.com\/index.php\/wp-json\/wp\/v2\/pages\/167\/revisions\/777"}],"wp:featuredmedia":[{"embeddable":true,"href":"https:\/\/psychologue-stephaniegoujon.com\/index.php\/wp-json\/wp\/v2\/media\/740"}],"wp:attachment":[{"href":"https:\/\/psychologue-stephaniegoujon.com\/index.php\/wp-json\/wp\/v2\/media?parent=167"}],"curies":[{"name":"wp","href":"https:\/\/api.w.org\/{rel}","templated":true}]}}