{"id":36,"date":"2021-12-03T16:31:10","date_gmt":"2021-12-03T15:31:10","guid":{"rendered":"https:\/\/psychologue-stephaniegoujon.com\/?page_id=36"},"modified":"2022-11-13T19:00:46","modified_gmt":"2022-11-13T18:00:46","slug":"accueil","status":"publish","type":"page","link":"https:\/\/psychologue-stephaniegoujon.com\/","title":{"rendered":""},"content":{"rendered":"\n<div class=\"wp-block-columns is-layout-flex wp-container-core-columns-is-layout-9d6595d7 wp-block-columns-is-layout-flex\"><\/div>\n\n\n\n<div class=\"wp-block-cover is-light\" style=\"min-height:550px;aspect-ratio:unset;\"><span aria-hidden=\"true\" class=\"wp-block-cover__background has-white-background-color has-background-dim\"><\/span><img loading=\"lazy\" decoding=\"async\" width=\"1920\" height=\"1282\" class=\"wp-block-cover__image-background wp-image-736\" alt=\"Consulter St\u00e9phanie Goujon psychologue Cestas\" src=\"https:\/\/psychologue-stephaniegoujon.com\/wp-content\/uploads\/2022\/11\/goujonpsychologuecestasaccueil3.jpg\" style=\"object-position:27% 51%\" data-object-fit=\"cover\" data-object-position=\"27% 51%\" srcset=\"https:\/\/psychologue-stephaniegoujon.com\/wp-content\/uploads\/2022\/11\/goujonpsychologuecestasaccueil3.jpg 1920w, https:\/\/psychologue-stephaniegoujon.com\/wp-content\/uploads\/2022\/11\/goujonpsychologuecestasaccueil3-300x200.jpg 300w, https:\/\/psychologue-stephaniegoujon.com\/wp-content\/uploads\/2022\/11\/goujonpsychologuecestasaccueil3-1534x1024.jpg 1534w, https:\/\/psychologue-stephaniegoujon.com\/wp-content\/uploads\/2022\/11\/goujonpsychologuecestasaccueil3-768x513.jpg 768w, https:\/\/psychologue-stephaniegoujon.com\/wp-content\/uploads\/2022\/11\/goujonpsychologuecestasaccueil3-1536x1026.jpg 1536w, https:\/\/psychologue-stephaniegoujon.com\/wp-content\/uploads\/2022\/11\/goujonpsychologuecestasaccueil3-90x60.jpg 90w, https:\/\/psychologue-stephaniegoujon.com\/wp-content\/uploads\/2022\/11\/goujonpsychologuecestasaccueil3-370x247.jpg 370w, https:\/\/psychologue-stephaniegoujon.com\/wp-content\/uploads\/2022\/11\/goujonpsychologuecestasaccueil3-776x517.jpg 776w\" sizes=\"auto, (max-width: 1920px) 100vw, 1920px\" \/><div class=\"wp-block-cover__inner-container is-layout-flow wp-block-cover-is-layout-flow\">\n<p class=\"has-text-align-center has-text-color has-larger-font-size\" style=\"color:#9cbe9c\"><strong>St\u00e9phanie Goujon<\/strong><em><strong> <\/strong><\/em><\/p>\n\n\n\n<p class=\"has-text-align-center has-text-color has-large-font-size\" style=\"color:#9cbe9c\"><strong>PSYCHOLOGUE<\/strong><\/p>\n\n\n\n<p class=\"has-text-align-center has-text-color has-large-font-size\" style=\"color:#9cbe9c\">\u00e0 <strong>CESTAS <\/strong><\/p>\n\n\n\n<p class=\"has-text-align-center has-text-color has-large-font-size\" style=\"color:#9cbe9c\"><strong>(\u00e0 20 minutes de Bordeaux) <\/strong><\/p>\n\n\n\n<p class=\"has-secondary-color has-text-color\"><\/p>\n<\/div><\/div>\n\n\n\n<p>Tout au long de la vie, nous pouvons traverser des p\u00e9riodes de questionnements, de difficult\u00e9s et de changement. La rencontre avec un(e) psychologue permet de prendre un temps pour soi, de comprendre, de surmonter certains passages ou simplement de permettre un accompagnement ou un soutien.<\/p>\n\n\n\n<p><strong>Psychologue <\/strong>depuis 1999, form\u00e9e aux th\u00e9rapies int\u00e9gratives, solutionnistes et positives, je re\u00e7ois <strong>les enfants, les adolescents et les adultes<\/strong> et vous propose <strong>un accompagnement adapt\u00e9 \u00e0 votre demande et besoin<\/strong>.<\/p>\n\n\n\n<p>Je vous accueille tous les mardis et vendredis au <strong>P\u00f4le de Sant\u00e9 R\u00e9jouit <\/strong>situ\u00e9 au 49 avenue Saint Jacques de Compostelle<strong> \u00e0 Cestas<\/strong> pour des <strong>suivis psychologiques.<\/strong> <\/p>\n\n\n\n<p class=\"has-text-align-center has-primary-color has-text-color\">Nos entretiens pourront se d\u00e9rouler :<\/p>\n\n\n\n<div class=\"wp-block-columns is-layout-flex wp-container-core-columns-is-layout-9d6595d7 wp-block-columns-is-layout-flex\">\n<div class=\"wp-block-column has-subtle-background-background-color has-background is-layout-flow wp-block-column-is-layout-flow\">\n<h4 class=\"has-text-align-center wp-block-heading\">Au cabinet<\/h4>\n\n\n\n<p class=\"has-text-align-center\">Les consultations se font au cabinet au 49 avenue St Jacques de Compostelle \u00e0 Cestas &#8211; R\u00e9jouit.<strong> <\/strong> Cet espace vous est d\u00e9di\u00e9, il permet d\u2019exprimer vos doutes, vos \u00e9motions et de recevoir une \u00e9coute neutre et bienveillante, dans une relation de confiance, sans jugement. <\/p>\n\n\n\n<p class=\"has-text-align-center\">Nous avan\u00e7ons pas \u00e0 pas, \u00e0 votre rythme.<\/p>\n\n\n\n<div style=\"height:20px\" aria-hidden=\"true\" class=\"wp-block-spacer\"><\/div>\n<\/div>\n\n\n\n<div class=\"wp-block-column has-subtle-background-background-color has-background is-layout-flow wp-block-column-is-layout-flow\">\n<h4 class=\"has-text-align-center wp-block-heading\">T\u00e9l\u00e9consultations<\/h4>\n\n\n\n<p class=\"has-text-align-center\">Il n\u2019est pas toujours \u00e9vident de se rendre au cabinet, que ce soit par manque de temps ou de possibilit\u00e9s. La consultation en ligne devient alors possible par le biais d\u2019un support tout en restant \u00e0 votre domicile.&nbsp; <\/p>\n\n\n\n<p class=\"has-text-align-center\">Cela vous permet de b\u00e9n\u00e9ficier d\u2019un accompagnement qui vous convienne de fa\u00e7on continue ou ponctuelle.<\/p>\n\n\n\n<div style=\"height:20px\" aria-hidden=\"true\" class=\"wp-block-spacer\"><\/div>\n<\/div>\n<\/div>\n\n\n\n<h3 class=\"has-text-color wp-block-heading\" style=\"color:#596aa0\"><a href=\"https:\/\/psychologue-stephaniegoujon.com\/index.php\/consulter\/\" data-type=\"page\" data-id=\"37\">Pourquoi consulter un psychologue ?<\/a><\/h3>\n\n\n\n<h3 class=\"has-text-color wp-block-heading\" style=\"color:#596aa0\"><a href=\"https:\/\/psychologue-stephaniegoujon.com\/index.php\/quisuisje\/\" data-type=\"page\" data-id=\"167\">Qui suis-je ?<\/a><\/h3>\n\n\n\n<h3 class=\"has-text-color wp-block-heading\" style=\"color:#596aa0\"><a href=\"https:\/\/psychologue-stephaniegoujon.com\/index.php\/tarifs\/\" data-type=\"page\" data-id=\"54\">Tarifs et informations pratiques<\/a><\/h3>\n\n\n\n<p><\/p>\n","protected":false},"excerpt":{"rendered":"<p>Tout au long de la vie, nous pouvons traverser des p\u00e9riodes de questionnements, de difficult\u00e9s et de changement. La rencontre avec un(e) psychologue permet de prendre un temps pour soi, &hellip; <\/p>\n","protected":false},"author":1,"featured_media":0,"parent":0,"menu_order":0,"comment_status":"closed","ping_status":"closed","template":"","meta":{"footnotes":""},"class_list":["post-36","page","type-page","status-publish","hentry"],"yoast_head":"<!-- This site is optimized with the Yoast SEO plugin v27.2 - https:\/\/yoast.com\/product\/yoast-seo-wordpress\/ -->\n<title>- St\u00e9phanie Goujon - Psychologue - Cestas<\/title>\n<meta name=\"robots\" content=\"index, follow, max-snippet:-1, max-image-preview:large, max-video-preview:-1\" \/>\n<link rel=\"canonical\" href=\"https:\/\/psychologue-stephaniegoujon.com\/\" \/>\n<meta property=\"og:locale\" content=\"fr_FR\" \/>\n<meta property=\"og:type\" content=\"article\" \/>\n<meta property=\"og:title\" content=\"- St\u00e9phanie Goujon - Psychologue - Cestas\" \/>\n<meta property=\"og:description\" content=\"Tout au long de la vie, nous pouvons traverser des p\u00e9riodes de questionnements, de difficult\u00e9s et de changement. La rencontre avec un(e) psychologue permet de prendre un temps pour soi, &hellip;\" \/>\n<meta property=\"og:url\" content=\"https:\/\/psychologue-stephaniegoujon.com\/\" \/>\n<meta property=\"og:site_name\" content=\"St\u00e9phanie Goujon - Psychologue - Cestas\" \/>\n<meta property=\"article:modified_time\" content=\"2022-11-13T18:00:46+00:00\" \/>\n<meta property=\"og:image\" content=\"https:\/\/psychologue-stephaniegoujon.com\/wp-content\/uploads\/2022\/11\/goujonpsychologuecestasaccueil3.jpg\" \/>\n<meta name=\"twitter:card\" content=\"summary_large_image\" \/>\n<meta name=\"twitter:label1\" content=\"Dur\u00e9e de lecture estim\u00e9e\" \/>\n\t<meta name=\"twitter:data1\" content=\"2 minutes\" \/>\n<script type=\"application\/ld+json\" class=\"yoast-schema-graph\">{\"@context\":\"https:\/\/schema.org\",\"@graph\":[{\"@type\":\"WebPage\",\"@id\":\"https:\/\/psychologue-stephaniegoujon.com\/\",\"url\":\"https:\/\/psychologue-stephaniegoujon.com\/\",\"name\":\"- St\u00e9phanie Goujon - Psychologue - Cestas\",\"isPartOf\":{\"@id\":\"https:\/\/psychologue-stephaniegoujon.com\/#website\"},\"primaryImageOfPage\":{\"@id\":\"https:\/\/psychologue-stephaniegoujon.com\/#primaryimage\"},\"image\":{\"@id\":\"https:\/\/psychologue-stephaniegoujon.com\/#primaryimage\"},\"thumbnailUrl\":\"https:\/\/psychologue-stephaniegoujon.com\/wp-content\/uploads\/2022\/11\/goujonpsychologuecestasaccueil3.jpg\",\"datePublished\":\"2021-12-03T15:31:10+00:00\",\"dateModified\":\"2022-11-13T18:00:46+00:00\",\"inLanguage\":\"fr-FR\",\"potentialAction\":[{\"@type\":\"ReadAction\",\"target\":[\"https:\/\/psychologue-stephaniegoujon.com\/\"]}]},{\"@type\":\"ImageObject\",\"inLanguage\":\"fr-FR\",\"@id\":\"https:\/\/psychologue-stephaniegoujon.com\/#primaryimage\",\"url\":\"https:\/\/psychologue-stephaniegoujon.com\/wp-content\/uploads\/2022\/11\/goujonpsychologuecestasaccueil3.jpg\",\"contentUrl\":\"https:\/\/psychologue-stephaniegoujon.com\/wp-content\/uploads\/2022\/11\/goujonpsychologuecestasaccueil3.jpg\",\"width\":1920,\"height\":1282,\"caption\":\"Consulter St\u00e9phanie Goujon psychologue Cestas\"},{\"@type\":\"WebSite\",\"@id\":\"https:\/\/psychologue-stephaniegoujon.com\/#website\",\"url\":\"https:\/\/psychologue-stephaniegoujon.com\/\",\"name\":\"St\u00e9phanie Goujon - Psychologue - Cestas\",\"description\":\"\",\"publisher\":{\"@id\":\"https:\/\/psychologue-stephaniegoujon.com\/#organization\"},\"potentialAction\":[{\"@type\":\"SearchAction\",\"target\":{\"@type\":\"EntryPoint\",\"urlTemplate\":\"https:\/\/psychologue-stephaniegoujon.com\/?s={search_term_string}\"},\"query-input\":{\"@type\":\"PropertyValueSpecification\",\"valueRequired\":true,\"valueName\":\"search_term_string\"}}],\"inLanguage\":\"fr-FR\"},{\"@type\":\"Organization\",\"@id\":\"https:\/\/psychologue-stephaniegoujon.com\/#organization\",\"name\":\"St\u00e9phanie GOUJON\",\"url\":\"https:\/\/psychologue-stephaniegoujon.com\/\",\"logo\":{\"@type\":\"ImageObject\",\"inLanguage\":\"fr-FR\",\"@id\":\"https:\/\/psychologue-stephaniegoujon.com\/#\/schema\/logo\/image\/\",\"url\":\"https:\/\/psychologue-stephaniegoujon.com\/wp-content\/uploads\/2021\/12\/cropped-android-chrome-512x512-1.png\",\"contentUrl\":\"https:\/\/psychologue-stephaniegoujon.com\/wp-content\/uploads\/2021\/12\/cropped-android-chrome-512x512-1.png\",\"width\":512,\"height\":512,\"caption\":\"St\u00e9phanie GOUJON\"},\"image\":{\"@id\":\"https:\/\/psychologue-stephaniegoujon.com\/#\/schema\/logo\/image\/\"}}]}<\/script>\n<!-- \/ Yoast SEO plugin. -->","yoast_head_json":{"title":"- St\u00e9phanie Goujon - Psychologue - Cestas","robots":{"index":"index","follow":"follow","max-snippet":"max-snippet:-1","max-image-preview":"max-image-preview:large","max-video-preview":"max-video-preview:-1"},"canonical":"https:\/\/psychologue-stephaniegoujon.com\/","og_locale":"fr_FR","og_type":"article","og_title":"- St\u00e9phanie Goujon - Psychologue - Cestas","og_description":"Tout au long de la vie, nous pouvons traverser des p\u00e9riodes de questionnements, de difficult\u00e9s et de changement. La rencontre avec un(e) psychologue permet de prendre un temps pour soi, &hellip;","og_url":"https:\/\/psychologue-stephaniegoujon.com\/","og_site_name":"St\u00e9phanie Goujon - Psychologue - Cestas","article_modified_time":"2022-11-13T18:00:46+00:00","og_image":[{"url":"https:\/\/psychologue-stephaniegoujon.com\/wp-content\/uploads\/2022\/11\/goujonpsychologuecestasaccueil3.jpg","type":"","width":"","height":""}],"twitter_card":"summary_large_image","twitter_misc":{"Dur\u00e9e de lecture estim\u00e9e":"2 minutes"},"schema":{"@context":"https:\/\/schema.org","@graph":[{"@type":"WebPage","@id":"https:\/\/psychologue-stephaniegoujon.com\/","url":"https:\/\/psychologue-stephaniegoujon.com\/","name":"- St\u00e9phanie Goujon - Psychologue - Cestas","isPartOf":{"@id":"https:\/\/psychologue-stephaniegoujon.com\/#website"},"primaryImageOfPage":{"@id":"https:\/\/psychologue-stephaniegoujon.com\/#primaryimage"},"image":{"@id":"https:\/\/psychologue-stephaniegoujon.com\/#primaryimage"},"thumbnailUrl":"https:\/\/psychologue-stephaniegoujon.com\/wp-content\/uploads\/2022\/11\/goujonpsychologuecestasaccueil3.jpg","datePublished":"2021-12-03T15:31:10+00:00","dateModified":"2022-11-13T18:00:46+00:00","inLanguage":"fr-FR","potentialAction":[{"@type":"ReadAction","target":["https:\/\/psychologue-stephaniegoujon.com\/"]}]},{"@type":"ImageObject","inLanguage":"fr-FR","@id":"https:\/\/psychologue-stephaniegoujon.com\/#primaryimage","url":"https:\/\/psychologue-stephaniegoujon.com\/wp-content\/uploads\/2022\/11\/goujonpsychologuecestasaccueil3.jpg","contentUrl":"https:\/\/psychologue-stephaniegoujon.com\/wp-content\/uploads\/2022\/11\/goujonpsychologuecestasaccueil3.jpg","width":1920,"height":1282,"caption":"Consulter St\u00e9phanie Goujon psychologue Cestas"},{"@type":"WebSite","@id":"https:\/\/psychologue-stephaniegoujon.com\/#website","url":"https:\/\/psychologue-stephaniegoujon.com\/","name":"St\u00e9phanie Goujon - Psychologue - Cestas","description":"","publisher":{"@id":"https:\/\/psychologue-stephaniegoujon.com\/#organization"},"potentialAction":[{"@type":"SearchAction","target":{"@type":"EntryPoint","urlTemplate":"https:\/\/psychologue-stephaniegoujon.com\/?s={search_term_string}"},"query-input":{"@type":"PropertyValueSpecification","valueRequired":true,"valueName":"search_term_string"}}],"inLanguage":"fr-FR"},{"@type":"Organization","@id":"https:\/\/psychologue-stephaniegoujon.com\/#organization","name":"St\u00e9phanie GOUJON","url":"https:\/\/psychologue-stephaniegoujon.com\/","logo":{"@type":"ImageObject","inLanguage":"fr-FR","@id":"https:\/\/psychologue-stephaniegoujon.com\/#\/schema\/logo\/image\/","url":"https:\/\/psychologue-stephaniegoujon.com\/wp-content\/uploads\/2021\/12\/cropped-android-chrome-512x512-1.png","contentUrl":"https:\/\/psychologue-stephaniegoujon.com\/wp-content\/uploads\/2021\/12\/cropped-android-chrome-512x512-1.png","width":512,"height":512,"caption":"St\u00e9phanie GOUJON"},"image":{"@id":"https:\/\/psychologue-stephaniegoujon.com\/#\/schema\/logo\/image\/"}}]}},"_links":{"self":[{"href":"https:\/\/psychologue-stephaniegoujon.com\/index.php\/wp-json\/wp\/v2\/pages\/36","targetHints":{"allow":["GET"]}}],"collection":[{"href":"https:\/\/psychologue-stephaniegoujon.com\/index.php\/wp-json\/wp\/v2\/pages"}],"about":[{"href":"https:\/\/psychologue-stephaniegoujon.com\/index.php\/wp-json\/wp\/v2\/types\/page"}],"author":[{"embeddable":true,"href":"https:\/\/psychologue-stephaniegoujon.com\/index.php\/wp-json\/wp\/v2\/users\/1"}],"replies":[{"embeddable":true,"href":"https:\/\/psychologue-stephaniegoujon.com\/index.php\/wp-json\/wp\/v2\/comments?post=36"}],"version-history":[{"count":139,"href":"https:\/\/psychologue-stephaniegoujon.com\/index.php\/wp-json\/wp\/v2\/pages\/36\/revisions"}],"predecessor-version":[{"id":744,"href":"https:\/\/psychologue-stephaniegoujon.com\/index.php\/wp-json\/wp\/v2\/pages\/36\/revisions\/744"}],"wp:attachment":[{"href":"https:\/\/psychologue-stephaniegoujon.com\/index.php\/wp-json\/wp\/v2\/media?parent=36"}],"curies":[{"name":"wp","href":"https:\/\/api.w.org\/{rel}","templated":true}]}}